{"id":139,"date":"2021-03-24T11:38:20","date_gmt":"2021-03-24T14:38:20","guid":{"rendered":"http:\/\/caiubyadvogados.com.br\/english\/?page_id=139"},"modified":"2021-06-17T12:06:14","modified_gmt":"2021-06-17T15:06:14","slug":"useful-links","status":"publish","type":"page","link":"https:\/\/caiubyadvogados.com.br\/english\/useful-links\/","title":{"rendered":"Useful links"},"content":{"rendered":"<p>[vc_row type=&#8221;vc_default&#8221; gap=&#8221;35&#8243;][vc_column width=&#8221;1\/4&#8243;]<section class=\"shortcode-teaser img-full frame-on\"><div class=\"shortcode-teaser-img\"><a class=\"layzr-bg rollover\" href=\"http:\/\/portal.stf.jus.br\/\" target=\"_blank\"><img class=\"lazy-load\" src=\"data:image\/svg+xml;charset=utf-8,%3Csvg xmlns%3D&#039;http%3A%2F%2Fwww.w3.org%2F2000%2Fsvg&#039; viewBox%3D&#039;0 0 320 320&#039;%2F%3E\" width=\"320\" height=\"320\" data-srcset=\"https:\/\/caiubyadvogados.com.br\/english\/wp-content\/uploads\/sites\/2\/2021\/03\/links_stf.png 320w\" data-src=\"https:\/\/caiubyadvogados.com.br\/english\/wp-content\/uploads\/sites\/2\/2021\/03\/links_stf.png\" \/><\/a><\/div><div class=\"shortcode-teaser-content text-big\"><p style=\"text-align: center;\">Superior Tribunal Federal<\/p>\n<\/div><\/section>[\/vc_column][vc_column width=&#8221;1\/4&#8243;]<section class=\"shortcode-teaser img-full frame-on\"><div class=\"shortcode-teaser-img\"><a class=\"layzr-bg rollover\" href=\"https:\/\/www.stj.jus.br\/sites\/portalp\/Inicio\" target=\"_blank\"><img class=\"lazy-load\" src=\"data:image\/svg+xml;charset=utf-8,%3Csvg xmlns%3D&#039;http%3A%2F%2Fwww.w3.org%2F2000%2Fsvg&#039; viewBox%3D&#039;0 0 320 320&#039;%2F%3E\" width=\"320\" height=\"320\" data-srcset=\"https:\/\/caiubyadvogados.com.br\/english\/wp-content\/uploads\/sites\/2\/2021\/03\/links_stj.png 320w\" data-src=\"https:\/\/caiubyadvogados.com.br\/english\/wp-content\/uploads\/sites\/2\/2021\/03\/links_stj.png\" \/><\/a><\/div><div class=\"shortcode-teaser-content text-big\"><p style=\"text-align: center;\">Superior Tribunal de Justi\u00e7a<\/p>\n<div id=\"gtx-trans\" style=\"position: absolute; left: 254px; top: -16px;\">\n<div class=\"gtx-trans-icon\"><\/div>\n<\/div>\n<\/div><\/section>[\/vc_column][vc_column width=&#8221;1\/4&#8243;]<section class=\"shortcode-teaser img-full frame-on\"><div class=\"shortcode-teaser-img\"><a class=\"layzr-bg rollover\" href=\"https:\/\/www.tst.jus.br\/\" target=\"_blank\"><img class=\"lazy-load\" src=\"data:image\/svg+xml;charset=utf-8,%3Csvg xmlns%3D&#039;http%3A%2F%2Fwww.w3.org%2F2000%2Fsvg&#039; viewBox%3D&#039;0 0 320 320&#039;%2F%3E\" width=\"320\" height=\"320\" data-srcset=\"https:\/\/caiubyadvogados.com.br\/english\/wp-content\/uploads\/sites\/2\/2021\/03\/links_tst.png 320w\" data-src=\"https:\/\/caiubyadvogados.com.br\/english\/wp-content\/uploads\/sites\/2\/2021\/03\/links_tst.png\" \/><\/a><\/div><div class=\"shortcode-teaser-content text-big\"><p style=\"text-align: center;\">Trib. Superior do Trabalho<\/p>\n<\/div><\/section>[\/vc_column][vc_column width=&#8221;1\/4&#8243;]<section class=\"shortcode-teaser img-full frame-on\"><div class=\"shortcode-teaser-img\"><a class=\"layzr-bg rollover\" href=\"https:\/\/www.tjsp.jus.br\/\" target=\"_blank\"><img class=\"lazy-load\" src=\"data:image\/svg+xml;charset=utf-8,%3Csvg xmlns%3D&#039;http%3A%2F%2Fwww.w3.org%2F2000%2Fsvg&#039; viewBox%3D&#039;0 0 320 320&#039;%2F%3E\" width=\"320\" height=\"320\" data-srcset=\"https:\/\/caiubyadvogados.com.br\/english\/wp-content\/uploads\/sites\/2\/2021\/03\/links_tjsp.png 320w\" data-src=\"https:\/\/caiubyadvogados.com.br\/english\/wp-content\/uploads\/sites\/2\/2021\/03\/links_tjsp.png\" \/><\/a><\/div><div class=\"shortcode-teaser-content text-big\"><p style=\"text-align: center;\">Tribunal Justi\u00e7a de S\u00e3o Paulo<\/p>\n<\/div><\/section>[\/vc_column][\/vc_row][vc_row type=&#8221;vc_default&#8221; gap=&#8221;35&#8243;][vc_column width=&#8221;1\/4&#8243;]<section class=\"shortcode-teaser img-full frame-on\"><div class=\"shortcode-teaser-img\"><a class=\"layzr-bg rollover\" href=\"https:\/\/www.oab.org.br\/\" target=\"_blank\"><img class=\"lazy-load\" src=\"data:image\/svg+xml;charset=utf-8,%3Csvg xmlns%3D&#039;http%3A%2F%2Fwww.w3.org%2F2000%2Fsvg&#039; viewBox%3D&#039;0 0 320 320&#039;%2F%3E\" width=\"320\" height=\"320\" data-srcset=\"https:\/\/caiubyadvogados.com.br\/english\/wp-content\/uploads\/sites\/2\/2021\/03\/links_oab.png 320w\" data-src=\"https:\/\/caiubyadvogados.com.br\/english\/wp-content\/uploads\/sites\/2\/2021\/03\/links_oab.png\" \/><\/a><\/div><div class=\"shortcode-teaser-content text-big\"><p style=\"text-align: center;\">Ordem dos Advogados do Brasil<\/p>\n<\/div><\/section>[\/vc_column][vc_column width=&#8221;1\/4&#8243;]<section class=\"shortcode-teaser img-full frame-on\"><div class=\"shortcode-teaser-img\"><a class=\"layzr-bg rollover\" href=\"https:\/\/www.oabsp.org.br\/\" target=\"_blank\"><img class=\"lazy-load\" src=\"data:image\/svg+xml;charset=utf-8,%3Csvg xmlns%3D&#039;http%3A%2F%2Fwww.w3.org%2F2000%2Fsvg&#039; viewBox%3D&#039;0 0 320 320&#039;%2F%3E\" width=\"320\" height=\"320\" data-srcset=\"https:\/\/caiubyadvogados.com.br\/english\/wp-content\/uploads\/sites\/2\/2021\/03\/links_oab-sp.png 320w\" data-src=\"https:\/\/caiubyadvogados.com.br\/english\/wp-content\/uploads\/sites\/2\/2021\/03\/links_oab-sp.png\" \/><\/a><\/div><div class=\"shortcode-teaser-content text-big\"><p style=\"text-align: center;\">Ordem dos Advogados do Brasil &#8211; S\u00e3o Paulo<\/p>\n<\/div><\/section>[\/vc_column][vc_column width=&#8221;1\/4&#8243;]<section class=\"shortcode-teaser img-full frame-on\"><div class=\"shortcode-teaser-img\"><a class=\"layzr-bg rollover\" href=\"https:\/\/www.aasp.org.br\/\" target=\"_blank\"><img class=\"lazy-load\" src=\"data:image\/svg+xml;charset=utf-8,%3Csvg xmlns%3D&#039;http%3A%2F%2Fwww.w3.org%2F2000%2Fsvg&#039; viewBox%3D&#039;0 0 320 320&#039;%2F%3E\" width=\"320\" height=\"320\" data-srcset=\"https:\/\/caiubyadvogados.com.br\/english\/wp-content\/uploads\/sites\/2\/2021\/03\/links_aasp.png 320w\" data-src=\"https:\/\/caiubyadvogados.com.br\/english\/wp-content\/uploads\/sites\/2\/2021\/03\/links_aasp.png\" \/><\/a><\/div><div class=\"shortcode-teaser-content text-big\"><p style=\"text-align: center;\">Assoc. Advogados S\u00e3o Paulo<\/p>\n<\/div><\/section>[\/vc_column][vc_column width=&#8221;1\/4&#8243;]<section class=\"shortcode-teaser img-full frame-on\"><div class=\"shortcode-teaser-img\"><a class=\"layzr-bg rollover\" href=\"https:\/\/www12.senado.leg.br\/hpsenado\" target=\"_blank\"><img class=\"lazy-load\" src=\"data:image\/svg+xml;charset=utf-8,%3Csvg xmlns%3D&#039;http%3A%2F%2Fwww.w3.org%2F2000%2Fsvg&#039; viewBox%3D&#039;0 0 320 320&#039;%2F%3E\" width=\"320\" height=\"320\" data-srcset=\"https:\/\/caiubyadvogados.com.br\/english\/wp-content\/uploads\/sites\/2\/2021\/03\/links_senado-federal.png 320w\" data-src=\"https:\/\/caiubyadvogados.com.br\/english\/wp-content\/uploads\/sites\/2\/2021\/03\/links_senado-federal.png\" \/><\/a><\/div><div class=\"shortcode-teaser-content text-big\"><p style=\"text-align: center;\">Senado Federal<\/p>\n<\/div><\/section>[\/vc_column][\/vc_row][vc_row type=&#8221;vc_default&#8221; gap=&#8221;35&#8243;][vc_column width=&#8221;1\/4&#8243;]<section class=\"shortcode-teaser img-full frame-on\"><div class=\"shortcode-teaser-img\"><a class=\"layzr-bg rollover\" href=\"https:\/\/www.gov.br\" target=\"_blank\"><img class=\"lazy-load\" src=\"data:image\/svg+xml;charset=utf-8,%3Csvg xmlns%3D&#039;http%3A%2F%2Fwww.w3.org%2F2000%2Fsvg&#039; viewBox%3D&#039;0 0 320 320&#039;%2F%3E\" width=\"320\" height=\"320\" data-srcset=\"https:\/\/caiubyadvogados.com.br\/english\/wp-content\/uploads\/sites\/2\/2021\/03\/links_governo-brasil.png 320w\" data-src=\"https:\/\/caiubyadvogados.com.br\/english\/wp-content\/uploads\/sites\/2\/2021\/03\/links_governo-brasil.png\" \/><\/a><\/div><div class=\"shortcode-teaser-content text-big\"><p style=\"text-align: center;\">Governo do Brasil<\/p>\n<\/div><\/section>[\/vc_column][vc_column width=&#8221;1\/4&#8243;]<section class=\"shortcode-teaser img-full frame-on\"><div class=\"shortcode-teaser-img\"><a class=\"layzr-bg rollover\" href=\"https:\/\/www.saopaulo.sp.gov.br\/\" target=\"_blank\"><img class=\"lazy-load\" src=\"data:image\/svg+xml;charset=utf-8,%3Csvg xmlns%3D&#039;http%3A%2F%2Fwww.w3.org%2F2000%2Fsvg&#039; viewBox%3D&#039;0 0 320 320&#039;%2F%3E\" width=\"320\" height=\"320\" data-srcset=\"https:\/\/caiubyadvogados.com.br\/english\/wp-content\/uploads\/sites\/2\/2021\/03\/links_governo-sao-paulo.png 320w\" data-src=\"https:\/\/caiubyadvogados.com.br\/english\/wp-content\/uploads\/sites\/2\/2021\/03\/links_governo-sao-paulo.png\" \/><\/a><\/div><div class=\"shortcode-teaser-content text-big\"><p style=\"text-align: center;\">Governo de S\u00e3o Paulo<\/p>\n<\/div><\/section>[\/vc_column][vc_column width=&#8221;1\/4&#8243;]<section class=\"shortcode-teaser img-full frame-on\"><div class=\"shortcode-teaser-img\"><a class=\"layzr-bg rollover\" href=\"http:\/\/www.capital.sp.gov.br\/\" target=\"_blank\"><img class=\"lazy-load\" src=\"data:image\/svg+xml;charset=utf-8,%3Csvg xmlns%3D&#039;http%3A%2F%2Fwww.w3.org%2F2000%2Fsvg&#039; viewBox%3D&#039;0 0 320 320&#039;%2F%3E\" width=\"320\" height=\"320\" data-srcset=\"https:\/\/caiubyadvogados.com.br\/english\/wp-content\/uploads\/sites\/2\/2021\/03\/links_cidade-sp.png 320w\" data-src=\"https:\/\/caiubyadvogados.com.br\/english\/wp-content\/uploads\/sites\/2\/2021\/03\/links_cidade-sp.png\" \/><\/a><\/div><div class=\"shortcode-teaser-content text-big\"><p style=\"text-align: center;\">Prefeitura de S\u00e3o Paulo<\/p>\n<\/div><\/section>[\/vc_column][vc_column width=&#8221;1\/4&#8243;]<section class=\"shortcode-teaser img-full frame-on\"><div class=\"shortcode-teaser-img\"><a class=\"layzr-bg rollover\" href=\"https:\/\/www.un.org\/\" target=\"_blank\"><img class=\"lazy-load\" src=\"data:image\/svg+xml;charset=utf-8,%3Csvg xmlns%3D&#039;http%3A%2F%2Fwww.w3.org%2F2000%2Fsvg&#039; viewBox%3D&#039;0 0 320 320&#039;%2F%3E\" width=\"320\" height=\"320\" data-srcset=\"https:\/\/caiubyadvogados.com.br\/english\/wp-content\/uploads\/sites\/2\/2021\/03\/links_onu.png 320w\" data-src=\"https:\/\/caiubyadvogados.com.br\/english\/wp-content\/uploads\/sites\/2\/2021\/03\/links_onu.png\" \/><\/a><\/div><div class=\"shortcode-teaser-content text-big\"><p style=\"text-align: center;\">ONU &#8211; Na\u00e7\u00f5es Unidas<\/p>\n<div id=\"gtx-trans\" style=\"position: absolute; left: 358px; top: -16px;\">\n<div class=\"gtx-trans-icon\"><\/div>\n<\/div>\n<\/div><\/section>[\/vc_column][\/vc_row][vc_row type=&#8221;vc_default&#8221; gap=&#8221;35&#8243;][vc_column width=&#8221;1\/4&#8243;]<section class=\"shortcode-teaser img-full frame-on\"><div class=\"shortcode-teaser-img\"><a class=\"layzr-bg rollover\" href=\"http:\/\/www.portaldaindustria.com.br\/cni\/\" target=\"_blank\"><img class=\"lazy-load\" src=\"data:image\/svg+xml;charset=utf-8,%3Csvg xmlns%3D&#039;http%3A%2F%2Fwww.w3.org%2F2000%2Fsvg&#039; viewBox%3D&#039;0 0 320 320&#039;%2F%3E\" width=\"320\" height=\"320\" data-srcset=\"https:\/\/caiubyadvogados.com.br\/english\/wp-content\/uploads\/sites\/2\/2021\/03\/links_cni.png 320w\" data-src=\"https:\/\/caiubyadvogados.com.br\/english\/wp-content\/uploads\/sites\/2\/2021\/03\/links_cni.png\" \/><\/a><\/div><div class=\"shortcode-teaser-content text-big\"><p style=\"text-align: center;\">C.N.I. &#8211; Conf. da Ind\u00fastria<\/p>\n<div id=\"gtx-trans\" style=\"position: absolute; left: 301px; top: -16px;\">\n<div class=\"gtx-trans-icon\"><\/div>\n<\/div>\n<\/div><\/section>[\/vc_column][vc_column width=&#8221;1\/4&#8243;]<section class=\"shortcode-teaser img-full frame-on\"><div class=\"shortcode-teaser-img\"><a class=\"layzr-bg rollover\" href=\"https:\/\/www.fiesp.com.br\/\" target=\"_blank\"><img class=\"lazy-load\" src=\"data:image\/svg+xml;charset=utf-8,%3Csvg xmlns%3D&#039;http%3A%2F%2Fwww.w3.org%2F2000%2Fsvg&#039; viewBox%3D&#039;0 0 320 320&#039;%2F%3E\" width=\"320\" height=\"320\" data-srcset=\"https:\/\/caiubyadvogados.com.br\/english\/wp-content\/uploads\/sites\/2\/2021\/03\/links_fiesp.png 320w\" data-src=\"https:\/\/caiubyadvogados.com.br\/english\/wp-content\/uploads\/sites\/2\/2021\/03\/links_fiesp.png\" \/><\/a><\/div><div class=\"shortcode-teaser-content text-big\"><p style=\"text-align: center;\">Federa\u00e7\u00e3o das Ind\u00fastrias do Estado de S\u00e3o Paulo<\/p>\n<\/div><\/section>[\/vc_column][vc_column width=&#8221;1\/4&#8243;]<section class=\"shortcode-teaser img-full frame-on\"><div class=\"shortcode-teaser-img\"><a class=\"layzr-bg rollover\" href=\"https:\/\/www.senac.br\/\" target=\"_blank\"><img class=\"lazy-load\" src=\"data:image\/svg+xml;charset=utf-8,%3Csvg xmlns%3D&#039;http%3A%2F%2Fwww.w3.org%2F2000%2Fsvg&#039; viewBox%3D&#039;0 0 320 320&#039;%2F%3E\" width=\"320\" height=\"320\" data-srcset=\"https:\/\/caiubyadvogados.com.br\/english\/wp-content\/uploads\/sites\/2\/2021\/03\/links_senac.png 320w\" data-src=\"https:\/\/caiubyadvogados.com.br\/english\/wp-content\/uploads\/sites\/2\/2021\/03\/links_senac.png\" \/><\/a><\/div><div class=\"shortcode-teaser-content text-big\"><p style=\"text-align: center;\">SENAC &#8211; Servi\u00e7o Nacional de Aprendizagem Comercial<\/p>\n<\/div><\/section>[\/vc_column][vc_column width=&#8221;1\/4&#8243;]<section class=\"shortcode-teaser img-full frame-on\"><div class=\"shortcode-teaser-img\"><a class=\"layzr-bg rollover\" href=\"https:\/\/www.sebrae.com.br\/sites\/PortalSebrae\" target=\"_blank\"><img class=\"lazy-load\" src=\"data:image\/svg+xml;charset=utf-8,%3Csvg xmlns%3D&#039;http%3A%2F%2Fwww.w3.org%2F2000%2Fsvg&#039; viewBox%3D&#039;0 0 320 320&#039;%2F%3E\" width=\"320\" height=\"320\" data-srcset=\"https:\/\/caiubyadvogados.com.br\/english\/wp-content\/uploads\/sites\/2\/2021\/03\/links_sebrae.png 320w\" data-src=\"https:\/\/caiubyadvogados.com.br\/english\/wp-content\/uploads\/sites\/2\/2021\/03\/links_sebrae.png\" \/><\/a><\/div><div class=\"shortcode-teaser-content text-big\"><p style=\"text-align: center;\">Portal Sebrae<\/p>\n<\/div><\/section>[\/vc_column][\/vc_row]<\/p>\n","protected":false},"excerpt":{"rendered":"<p>[vc_row type=&#8221;vc_default&#8221; gap=&#8221;35&#8243;][vc_column width=&#8221;1\/4&#8243;][\/vc_column][vc_column width=&#8221;1\/4&#8243;][\/vc_column][vc_column width=&#8221;1\/4&#8243;][\/vc_column][vc_column width=&#8221;1\/4&#8243;][\/vc_column][\/vc_row][vc_row type=&#8221;vc_default&#8221; gap=&#8221;35&#8243;][vc_column width=&#8221;1\/4&#8243;][\/vc_column][vc_column width=&#8221;1\/4&#8243;][\/vc_column][vc_column width=&#8221;1\/4&#8243;][\/vc_column][vc_column width=&#8221;1\/4&#8243;][\/vc_column][\/vc_row][vc_row type=&#8221;vc_default&#8221; gap=&#8221;35&#8243;][vc_column width=&#8221;1\/4&#8243;][\/vc_column][vc_column width=&#8221;1\/4&#8243;][\/vc_column][vc_column width=&#8221;1\/4&#8243;][\/vc_column][vc_column width=&#8221;1\/4&#8243;][\/vc_column][\/vc_row][vc_row type=&#8221;vc_default&#8221; gap=&#8221;35&#8243;][vc_column width=&#8221;1\/4&#8243;][\/vc_column][vc_column width=&#8221;1\/4&#8243;][\/vc_column][vc_column width=&#8221;1\/4&#8243;][\/vc_column][vc_column width=&#8221;1\/4&#8243;][\/vc_column][\/vc_row]<\/p>\n","protected":false},"author":1,"featured_media":0,"parent":0,"menu_order":0,"comment_status":"closed","ping_status":"closed","template":"","meta":[],"_links":{"self":[{"href":"https:\/\/caiubyadvogados.com.br\/english\/wp-json\/wp\/v2\/pages\/139"}],"collection":[{"href":"https:\/\/caiubyadvogados.com.br\/english\/wp-json\/wp\/v2\/pages"}],"about":[{"href":"https:\/\/caiubyadvogados.com.br\/english\/wp-json\/wp\/v2\/types\/page"}],"author":[{"embeddable":true,"href":"https:\/\/caiubyadvogados.com.br\/english\/wp-json\/wp\/v2\/users\/1"}],"replies":[{"embeddable":true,"href":"https:\/\/caiubyadvogados.com.br\/english\/wp-json\/wp\/v2\/comments?post=139"}],"version-history":[{"count":2,"href":"https:\/\/caiubyadvogados.com.br\/english\/wp-json\/wp\/v2\/pages\/139\/revisions"}],"predecessor-version":[{"id":395,"href":"https:\/\/caiubyadvogados.com.br\/english\/wp-json\/wp\/v2\/pages\/139\/revisions\/395"}],"wp:attachment":[{"href":"https:\/\/caiubyadvogados.com.br\/english\/wp-json\/wp\/v2\/media?parent=139"}],"curies":[{"name":"wp","href":"https:\/\/api.w.org\/{rel}","templated":true}]}}